{"id":1500,"date":"2020-03-04T10:36:11","date_gmt":"2020-03-04T08:36:11","guid":{"rendered":"https:\/\/ottohotel.lv\/pavilosta\/"},"modified":"2021-08-23T14:28:11","modified_gmt":"2021-08-23T12:28:11","slug":"pavilosta","status":"publish","type":"page","link":"https:\/\/ottohotel.lv\/ru\/pavilosta\/","title":{"rendered":"\u041e\u0422\u0422\u041e \u043d\u0430\u0441\u0442\u043e\u044f\u0449\u0438\u0439 \u0430\u0431\u043e\u0440\u0438\u0433\u0435\u043d \u041f\u0430\u0432\u0438\u043b\u043e\u0441\u0442\u044b"},"content":{"rendered":"","protected":false},"excerpt":{"rendered":"","protected":false},"author":4,"featured_media":0,"parent":0,"menu_order":0,"comment_status":"closed","ping_status":"closed","template":"","meta":{"_acf_changed":false,"footnotes":""},"class_list":["post-1500","page","type-page","status-publish","hentry"],"acf":[],"yoast_head":"<!-- This site is optimized with the Yoast SEO plugin v27.2 - https:\/\/yoast.com\/product\/yoast-seo-wordpress\/ -->\n<title>P\u0101vilosta | OTTO - A real Paviloster | OTTO Hotel &amp; Sun in P\u0101vilosta<\/title>\n<meta name=\"description\" content=\"P\u0101vilosta merges purity of a white sand beach, green pine forest, busy fishing port and an urban texture from early 20th century. OTTO - A real Paviloster!\" \/>\n<meta name=\"robots\" content=\"index, follow, max-snippet:-1, max-image-preview:large, max-video-preview:-1\" \/>\n<link rel=\"canonical\" href=\"https:\/\/ottohotel.lv\/?page_id=573\" \/>\n<meta property=\"og:locale\" content=\"ru_RU\" \/>\n<meta property=\"og:type\" content=\"article\" \/>\n<meta property=\"og:title\" content=\"P\u0101vilosta | OTTO - A real Paviloster | OTTO Hotel &amp; Sun in P\u0101vilosta\" \/>\n<meta property=\"og:description\" content=\"P\u0101vilosta merges purity of a white sand beach, green pine forest, busy fishing port and an urban texture from early 20th century. OTTO - A real Paviloster!\" \/>\n<meta property=\"og:url\" content=\"https:\/\/ottohotel.lv\/?page_id=573\" \/>\n<meta property=\"og:site_name\" content=\"Otto Hotel\" \/>\n<meta property=\"article:publisher\" content=\"https:\/\/www.facebook.com\/OttoHotelPavilosta\" \/>\n<meta property=\"article:modified_time\" content=\"2021-08-23T12:28:11+00:00\" \/>\n<meta property=\"og:image\" content=\"https:\/\/ottohotel.lv\/wp-content\/uploads\/2021\/02\/OTTO-HotelSun-1920-1235-7.jpg\" \/>\n\t<meta property=\"og:image:width\" content=\"1920\" \/>\n\t<meta property=\"og:image:height\" content=\"1235\" \/>\n\t<meta property=\"og:image:type\" content=\"image\/jpeg\" \/>\n<meta name=\"twitter:card\" content=\"summary_large_image\" \/>\n<script type=\"application\/ld+json\" class=\"yoast-schema-graph\">{\"@context\":\"https:\/\/schema.org\",\"@graph\":[{\"@type\":\"WebPage\",\"@id\":\"https:\/\/ottohotel.lv\/?page_id=573\",\"url\":\"https:\/\/ottohotel.lv\/?page_id=573\",\"name\":\"P\u0101vilosta | OTTO - A real Paviloster | OTTO Hotel & Sun in P\u0101vilosta\",\"isPartOf\":{\"@id\":\"https:\/\/ottohotel.lv\/#website\"},\"datePublished\":\"2020-03-04T08:36:11+00:00\",\"dateModified\":\"2021-08-23T12:28:11+00:00\",\"description\":\"P\u0101vilosta merges purity of a white sand beach, green pine forest, busy fishing port and an urban texture from early 20th century. OTTO - A real Paviloster!\",\"breadcrumb\":{\"@id\":\"https:\/\/ottohotel.lv\/?page_id=573#breadcrumb\"},\"inLanguage\":\"ru-RU\",\"potentialAction\":[{\"@type\":\"ReadAction\",\"target\":[\"https:\/\/ottohotel.lv\/?page_id=573\"]}]},{\"@type\":\"BreadcrumbList\",\"@id\":\"https:\/\/ottohotel.lv\/?page_id=573#breadcrumb\",\"itemListElement\":[{\"@type\":\"ListItem\",\"position\":1,\"name\":\"Home\",\"item\":\"https:\/\/ottohotel.lv\/ru\/\"},{\"@type\":\"ListItem\",\"position\":2,\"name\":\"\u041e\u0422\u0422\u041e \u043d\u0430\u0441\u0442\u043e\u044f\u0449\u0438\u0439 \u0430\u0431\u043e\u0440\u0438\u0433\u0435\u043d \u041f\u0430\u0432\u0438\u043b\u043e\u0441\u0442\u044b\"}]},{\"@type\":\"WebSite\",\"@id\":\"https:\/\/ottohotel.lv\/#website\",\"url\":\"https:\/\/ottohotel.lv\/\",\"name\":\"Otto Hotel\",\"description\":\"\",\"potentialAction\":[{\"@type\":\"SearchAction\",\"target\":{\"@type\":\"EntryPoint\",\"urlTemplate\":\"https:\/\/ottohotel.lv\/?s={search_term_string}\"},\"query-input\":{\"@type\":\"PropertyValueSpecification\",\"valueRequired\":true,\"valueName\":\"search_term_string\"}}],\"inLanguage\":\"ru-RU\"}]}<\/script>\n<!-- \/ Yoast SEO plugin. -->","yoast_head_json":{"title":"P\u0101vilosta | OTTO - A real Paviloster | OTTO Hotel & Sun in P\u0101vilosta","description":"P\u0101vilosta merges purity of a white sand beach, green pine forest, busy fishing port and an urban texture from early 20th century. OTTO - A real Paviloster!","robots":{"index":"index","follow":"follow","max-snippet":"max-snippet:-1","max-image-preview":"max-image-preview:large","max-video-preview":"max-video-preview:-1"},"canonical":"https:\/\/ottohotel.lv\/?page_id=573","og_locale":"ru_RU","og_type":"article","og_title":"P\u0101vilosta | OTTO - A real Paviloster | OTTO Hotel & Sun in P\u0101vilosta","og_description":"P\u0101vilosta merges purity of a white sand beach, green pine forest, busy fishing port and an urban texture from early 20th century. OTTO - A real Paviloster!","og_url":"https:\/\/ottohotel.lv\/?page_id=573","og_site_name":"Otto Hotel","article_publisher":"https:\/\/www.facebook.com\/OttoHotelPavilosta","article_modified_time":"2021-08-23T12:28:11+00:00","og_image":[{"width":1920,"height":1235,"url":"https:\/\/ottohotel.lv\/wp-content\/uploads\/2021\/02\/OTTO-HotelSun-1920-1235-7.jpg","type":"image\/jpeg"}],"twitter_card":"summary_large_image","schema":{"@context":"https:\/\/schema.org","@graph":[{"@type":"WebPage","@id":"https:\/\/ottohotel.lv\/?page_id=573","url":"https:\/\/ottohotel.lv\/?page_id=573","name":"P\u0101vilosta | OTTO - A real Paviloster | OTTO Hotel & Sun in P\u0101vilosta","isPartOf":{"@id":"https:\/\/ottohotel.lv\/#website"},"datePublished":"2020-03-04T08:36:11+00:00","dateModified":"2021-08-23T12:28:11+00:00","description":"P\u0101vilosta merges purity of a white sand beach, green pine forest, busy fishing port and an urban texture from early 20th century. OTTO - A real Paviloster!","breadcrumb":{"@id":"https:\/\/ottohotel.lv\/?page_id=573#breadcrumb"},"inLanguage":"ru-RU","potentialAction":[{"@type":"ReadAction","target":["https:\/\/ottohotel.lv\/?page_id=573"]}]},{"@type":"BreadcrumbList","@id":"https:\/\/ottohotel.lv\/?page_id=573#breadcrumb","itemListElement":[{"@type":"ListItem","position":1,"name":"Home","item":"https:\/\/ottohotel.lv\/ru\/"},{"@type":"ListItem","position":2,"name":"\u041e\u0422\u0422\u041e \u043d\u0430\u0441\u0442\u043e\u044f\u0449\u0438\u0439 \u0430\u0431\u043e\u0440\u0438\u0433\u0435\u043d \u041f\u0430\u0432\u0438\u043b\u043e\u0441\u0442\u044b"}]},{"@type":"WebSite","@id":"https:\/\/ottohotel.lv\/#website","url":"https:\/\/ottohotel.lv\/","name":"Otto Hotel","description":"","potentialAction":[{"@type":"SearchAction","target":{"@type":"EntryPoint","urlTemplate":"https:\/\/ottohotel.lv\/?s={search_term_string}"},"query-input":{"@type":"PropertyValueSpecification","valueRequired":true,"valueName":"search_term_string"}}],"inLanguage":"ru-RU"}]}},"_links":{"self":[{"href":"https:\/\/ottohotel.lv\/ru\/wp-json\/wp\/v2\/pages\/1500","targetHints":{"allow":["GET"]}}],"collection":[{"href":"https:\/\/ottohotel.lv\/ru\/wp-json\/wp\/v2\/pages"}],"about":[{"href":"https:\/\/ottohotel.lv\/ru\/wp-json\/wp\/v2\/types\/page"}],"author":[{"embeddable":true,"href":"https:\/\/ottohotel.lv\/ru\/wp-json\/wp\/v2\/users\/4"}],"replies":[{"embeddable":true,"href":"https:\/\/ottohotel.lv\/ru\/wp-json\/wp\/v2\/comments?post=1500"}],"version-history":[{"count":8,"href":"https:\/\/ottohotel.lv\/ru\/wp-json\/wp\/v2\/pages\/1500\/revisions"}],"predecessor-version":[{"id":5228,"href":"https:\/\/ottohotel.lv\/ru\/wp-json\/wp\/v2\/pages\/1500\/revisions\/5228"}],"wp:attachment":[{"href":"https:\/\/ottohotel.lv\/ru\/wp-json\/wp\/v2\/media?parent=1500"}],"curies":[{"name":"wp","href":"https:\/\/api.w.org\/{rel}","templated":true}]}}