{"id":510,"date":"2020-02-18T12:33:01","date_gmt":"2020-02-18T12:33:01","guid":{"rendered":"https:\/\/ottohotel.lv\/send-a-request\/"},"modified":"2021-02-18T13:23:55","modified_gmt":"2021-02-18T11:23:55","slug":"atsiuskite-prasyma","status":"publish","type":"page","link":"https:\/\/ottohotel.lv\/lt\/atsiuskite-prasyma\/","title":{"rendered":"Atsi\u0173skite pra\u0161ym\u0105"},"content":{"rendered":"","protected":false},"excerpt":{"rendered":"","protected":false},"author":10,"featured_media":0,"parent":0,"menu_order":0,"comment_status":"closed","ping_status":"closed","template":"","meta":{"_acf_changed":false,"footnotes":""},"class_list":["post-510","page","type-page","status-publish","hentry"],"acf":[],"yoast_head":"<!-- This site is optimized with the Yoast SEO plugin v27.2 - https:\/\/yoast.com\/product\/yoast-seo-wordpress\/ -->\n<title>Atsi\u0173skite pra\u0161ym\u0105 - Otto Hotel<\/title>\n<meta name=\"robots\" content=\"index, follow, max-snippet:-1, max-image-preview:large, max-video-preview:-1\" \/>\n<link rel=\"canonical\" href=\"https:\/\/ottohotel.lv\/lt\/atsiuskite-prasyma\/\" \/>\n<meta property=\"og:locale\" content=\"lt_LT\" \/>\n<meta property=\"og:type\" content=\"article\" \/>\n<meta property=\"og:title\" content=\"Atsi\u0173skite pra\u0161ym\u0105 - Otto Hotel\" \/>\n<meta property=\"og:url\" content=\"https:\/\/ottohotel.lv\/lt\/atsiuskite-prasyma\/\" \/>\n<meta property=\"og:site_name\" content=\"Otto Hotel\" \/>\n<meta property=\"article:publisher\" content=\"https:\/\/www.facebook.com\/OttoHotelPavilosta\" \/>\n<meta property=\"article:modified_time\" content=\"2021-02-18T11:23:55+00:00\" \/>\n<meta property=\"og:image\" content=\"https:\/\/ottohotel.lv\/wp-content\/uploads\/2021\/02\/OTTO-HotelSun-1920-1235-7.jpg\" \/>\n\t<meta property=\"og:image:width\" content=\"1920\" \/>\n\t<meta property=\"og:image:height\" content=\"1235\" \/>\n\t<meta property=\"og:image:type\" content=\"image\/jpeg\" \/>\n<meta name=\"twitter:card\" content=\"summary_large_image\" \/>\n<script type=\"application\/ld+json\" class=\"yoast-schema-graph\">{\"@context\":\"https:\/\/schema.org\",\"@graph\":[{\"@type\":\"WebPage\",\"@id\":\"https:\/\/ottohotel.lv\/lt\/atsiuskite-prasyma\/\",\"url\":\"https:\/\/ottohotel.lv\/lt\/atsiuskite-prasyma\/\",\"name\":\"Atsi\u0173skite pra\u0161ym\u0105 - Otto Hotel\",\"isPartOf\":{\"@id\":\"https:\/\/ottohotel.lv\/#website\"},\"datePublished\":\"2020-02-18T12:33:01+00:00\",\"dateModified\":\"2021-02-18T11:23:55+00:00\",\"breadcrumb\":{\"@id\":\"https:\/\/ottohotel.lv\/lt\/atsiuskite-prasyma\/#breadcrumb\"},\"inLanguage\":\"lt-LT\",\"potentialAction\":[{\"@type\":\"ReadAction\",\"target\":[\"https:\/\/ottohotel.lv\/lt\/atsiuskite-prasyma\/\"]}]},{\"@type\":\"BreadcrumbList\",\"@id\":\"https:\/\/ottohotel.lv\/lt\/atsiuskite-prasyma\/#breadcrumb\",\"itemListElement\":[{\"@type\":\"ListItem\",\"position\":1,\"name\":\"Home\",\"item\":\"https:\/\/ottohotel.lv\/lt\/\"},{\"@type\":\"ListItem\",\"position\":2,\"name\":\"Atsi\u0173skite pra\u0161ym\u0105\"}]},{\"@type\":\"WebSite\",\"@id\":\"https:\/\/ottohotel.lv\/#website\",\"url\":\"https:\/\/ottohotel.lv\/\",\"name\":\"Otto Hotel\",\"description\":\"\",\"potentialAction\":[{\"@type\":\"SearchAction\",\"target\":{\"@type\":\"EntryPoint\",\"urlTemplate\":\"https:\/\/ottohotel.lv\/?s={search_term_string}\"},\"query-input\":{\"@type\":\"PropertyValueSpecification\",\"valueRequired\":true,\"valueName\":\"search_term_string\"}}],\"inLanguage\":\"lt-LT\"}]}<\/script>\n<!-- \/ Yoast SEO plugin. -->","yoast_head_json":{"title":"Atsi\u0173skite pra\u0161ym\u0105 - Otto Hotel","robots":{"index":"index","follow":"follow","max-snippet":"max-snippet:-1","max-image-preview":"max-image-preview:large","max-video-preview":"max-video-preview:-1"},"canonical":"https:\/\/ottohotel.lv\/lt\/atsiuskite-prasyma\/","og_locale":"lt_LT","og_type":"article","og_title":"Atsi\u0173skite pra\u0161ym\u0105 - Otto Hotel","og_url":"https:\/\/ottohotel.lv\/lt\/atsiuskite-prasyma\/","og_site_name":"Otto Hotel","article_publisher":"https:\/\/www.facebook.com\/OttoHotelPavilosta","article_modified_time":"2021-02-18T11:23:55+00:00","og_image":[{"width":1920,"height":1235,"url":"https:\/\/ottohotel.lv\/wp-content\/uploads\/2021\/02\/OTTO-HotelSun-1920-1235-7.jpg","type":"image\/jpeg"}],"twitter_card":"summary_large_image","schema":{"@context":"https:\/\/schema.org","@graph":[{"@type":"WebPage","@id":"https:\/\/ottohotel.lv\/lt\/atsiuskite-prasyma\/","url":"https:\/\/ottohotel.lv\/lt\/atsiuskite-prasyma\/","name":"Atsi\u0173skite pra\u0161ym\u0105 - Otto Hotel","isPartOf":{"@id":"https:\/\/ottohotel.lv\/#website"},"datePublished":"2020-02-18T12:33:01+00:00","dateModified":"2021-02-18T11:23:55+00:00","breadcrumb":{"@id":"https:\/\/ottohotel.lv\/lt\/atsiuskite-prasyma\/#breadcrumb"},"inLanguage":"lt-LT","potentialAction":[{"@type":"ReadAction","target":["https:\/\/ottohotel.lv\/lt\/atsiuskite-prasyma\/"]}]},{"@type":"BreadcrumbList","@id":"https:\/\/ottohotel.lv\/lt\/atsiuskite-prasyma\/#breadcrumb","itemListElement":[{"@type":"ListItem","position":1,"name":"Home","item":"https:\/\/ottohotel.lv\/lt\/"},{"@type":"ListItem","position":2,"name":"Atsi\u0173skite pra\u0161ym\u0105"}]},{"@type":"WebSite","@id":"https:\/\/ottohotel.lv\/#website","url":"https:\/\/ottohotel.lv\/","name":"Otto Hotel","description":"","potentialAction":[{"@type":"SearchAction","target":{"@type":"EntryPoint","urlTemplate":"https:\/\/ottohotel.lv\/?s={search_term_string}"},"query-input":{"@type":"PropertyValueSpecification","valueRequired":true,"valueName":"search_term_string"}}],"inLanguage":"lt-LT"}]}},"_links":{"self":[{"href":"https:\/\/ottohotel.lv\/lt\/wp-json\/wp\/v2\/pages\/510","targetHints":{"allow":["GET"]}}],"collection":[{"href":"https:\/\/ottohotel.lv\/lt\/wp-json\/wp\/v2\/pages"}],"about":[{"href":"https:\/\/ottohotel.lv\/lt\/wp-json\/wp\/v2\/types\/page"}],"author":[{"embeddable":true,"href":"https:\/\/ottohotel.lv\/lt\/wp-json\/wp\/v2\/users\/10"}],"replies":[{"embeddable":true,"href":"https:\/\/ottohotel.lv\/lt\/wp-json\/wp\/v2\/comments?post=510"}],"version-history":[{"count":4,"href":"https:\/\/ottohotel.lv\/lt\/wp-json\/wp\/v2\/pages\/510\/revisions"}],"predecessor-version":[{"id":4334,"href":"https:\/\/ottohotel.lv\/lt\/wp-json\/wp\/v2\/pages\/510\/revisions\/4334"}],"wp:attachment":[{"href":"https:\/\/ottohotel.lv\/lt\/wp-json\/wp\/v2\/media?parent=510"}],"curies":[{"name":"wp","href":"https:\/\/api.w.org\/{rel}","templated":true}]}}